{"id":522,"date":"2016-02-01T14:21:17","date_gmt":"2016-02-01T14:21:17","guid":{"rendered":"http:\/\/files.skylartheme.net\/?page_id=14"},"modified":"2021-09-10T07:16:03","modified_gmt":"2021-09-10T07:16:03","slug":"home","status":"publish","type":"page","link":"https:\/\/rohr-fiber-connections.de\/","title":{"rendered":"Home"},"content":{"rendered":"<p>[vc_row full_width=&#8221;stretch_row&#8221; css=&#8221;.vc_custom_1619085107524{padding-top: 7.5% !important;padding-bottom: 7.5% !important;}&#8221; el_id=&#8221;about&#8221;][vc_column]<div id=\"ultimate-heading-670969de456289299\" class=\"uvc-heading ult-adjust-bottom-margin ultimate-heading-670969de456289299 uvc-22 \" data-hspacer=\"no_spacer\"  data-halign=\"center\" style=\"text-align:center\"><div class=\"uvc-heading-spacer no_spacer\" style=\"top\"><\/div><div class=\"uvc-main-heading ult-responsive\"  data-ultimate-target='.uvc-heading.ultimate-heading-670969de456289299 h2'  data-responsive-json-new='{\"font-size\":\"desktop:72px;tablet:48px;\",\"line-height\":\"\"}' ><h2 style=\"font-family:&#039;Lato&#039;;font-weight:100;color:#293642;margin-bottom:15px;\">\u00dcBER R.O.H.R.<\/h2><\/div><\/div>[\/vc_column][\/vc_row][vc_row gap=&#8221;10&#8243; equal_height=&#8221;yes&#8221; content_placement=&#8221;top&#8221; css=&#8221;.vc_custom_1619085278732{margin-top: 1% !important;margin-bottom: 10% !important;}&#8221;][vc_column width=&#8221;1\/4&#8243; css=&#8221;.vc_custom_1454933233405{border-bottom-width: 5px !important;padding-left: 0px !important;border-bottom-color: #00a4ea !important;border-bottom-style: solid !important;}&#8221;]<div id=\"ultimate-heading-201969de45628933f\" class=\"uvc-heading ult-adjust-bottom-margin ultimate-heading-201969de45628933f uvc-3385 \" data-hspacer=\"no_spacer\"  data-halign=\"right\" style=\"text-align:right\"><div class=\"uvc-heading-spacer no_spacer\" style=\"top\"><\/div><div class=\"uvc-main-heading ult-responsive\"  data-ultimate-target='.uvc-heading.ultimate-heading-201969de45628933f h2'  data-responsive-json-new='{\"font-size\":\"desktop:48px;tablet:48px;\",\"line-height\":\"\"}' ><h2 style=\"font-family:&#039;Lato&#039;;font-weight:300;color:#040014;margin-top:-25px;\">WER SIND WIR<\/h2><\/div><\/div>[\/vc_column][vc_column width=&#8221;3\/4&#8243; css=&#8221;.vc_custom_1454948058949{padding-top: 0px !important;padding-bottom: 0px !important;}&#8221; offset=&#8221;vc_col-xs-12&#8243;]<div id=\"ultimate-heading-664669de4562893b6\" class=\"uvc-heading ult-adjust-bottom-margin ultimate-heading-664669de4562893b6 uvc-8418 \" data-hspacer=\"no_spacer\"  data-halign=\"left\" style=\"text-align:left\"><div class=\"uvc-heading-spacer no_spacer\" style=\"top\"><\/div><div class=\"uvc-sub-heading ult-responsive\"  data-ultimate-target='.uvc-heading.ultimate-heading-664669de4562893b6 .uvc-sub-heading '  data-responsive-json-new='{\"font-size\":\"desktop:20px;\",\"line-height\":\"\"}'  style=\"font-family:&#039;Lato&#039;;font-weight:300;color:#00293a;\">Als deutsches Unternehmen haben wir uns auf die Verlegung und Bereitstellung von Glasfaser Spezialisiert, von Backbone bis zum Endanschluss beim Kunden (FTTH).<\/p>\n<p>Spanien gilt als eines der Vorreiter in Europa im Netzausbau mit Glasfaser. En Deutsch-Spanisches Team, mit \u00fcber 10 Jahren Erfahrung und Tausenden von verlegten Kilometer, steht bereit um Sie zu Beraten.<\/p>\n<p>Unsere Ingenieure und Techniker meistern die Auftr\u00e4ge mit Effizienz, Pr\u00e4zision und Hingabe zum Handwerk um Anlagen betriebsbereit und f\u00fcr zuk\u00fcnftige Erweiterungen perfekt zu hinterlassen.<\/div><\/div>[\/vc_column][\/vc_row][vc_row full_width=&#8221;stretch_row&#8221; bg_type=&#8221;bg_color&#8221; css=&#8221;.vc_custom_1619087605879{padding-top: 7.5% !important;padding-bottom: 1% !important;background-color: #293642 !important;}&#8221; bg_color_value=&#8221;#293642&#8243; el_id=&#8221;services&#8221;][vc_column]<div id=\"ultimate-heading-614469de456289437\" class=\"uvc-heading ult-adjust-bottom-margin ultimate-heading-614469de456289437 uvc-6273 \" data-hspacer=\"no_spacer\"  data-halign=\"center\" style=\"text-align:center\"><div class=\"uvc-heading-spacer no_spacer\" style=\"top\"><\/div><div class=\"uvc-main-heading ult-responsive\"  data-ultimate-target='.uvc-heading.ultimate-heading-614469de456289437 h2'  data-responsive-json-new='{\"font-size\":\"desktop:72px;tablet:48px;\",\"line-height\":\"\"}' ><h2 style=\"font-family:&#039;Lato&#039;;font-weight:100;color:#ffffff;margin-bottom:55px;\">UNSERE DIENSTLEISTUNGEN<\/h2><\/div><\/div>[\/vc_column][\/vc_row][vc_row full_width=&#8221;stretch_row&#8221; gap=&#8221;15&#8243; css=&#8221;.vc_custom_1619086438526{padding-top: 1% !important;padding-bottom: 7.5% !important;background-color: #293642 !important;}&#8221;][vc_column width=&#8221;1\/3&#8243;][vc_single_image image=&#8221;610&#8243; img_size=&#8221;full&#8221; alignment=&#8221;center&#8221; style=&#8221;vc_box_circle_2&#8243; css_animation=&#8221;fadeInUp&#8221;][vc_custom_heading text=&#8221;EINBLASEN&#8221; font_container=&#8221;tag:h2|text_align:center|color:%23ffffff&#8221; google_fonts=&#8221;font_family:Exo%202%3A100%2C100italic%2C200%2C200italic%2C300%2C300italic%2Cregular%2Citalic%2C500%2C500italic%2C600%2C600italic%2C700%2C700italic%2C800%2C800italic%2C900%2C900italic|font_style:100%20light%20regular%3A100%3Anormal&#8221; css_animation=&#8221;fadeInUp&#8221;][vc_custom_heading text=&#8221;Von Backbone bis zum Kunden, verlegen wir die Glasfaser den Kundenw\u00fcnschen und Richtlinien entsprechend.&#8221; font_container=&#8221;tag:p|font_size:16px|text_align:center|color:%23ffffff&#8221; google_fonts=&#8221;font_family:Exo%202%3A100%2C100italic%2C200%2C200italic%2C300%2C300italic%2Cregular%2Citalic%2C500%2C500italic%2C600%2C600italic%2C700%2C700italic%2C800%2C800italic%2C900%2C900italic|font_style:200%20light%20regular%3A200%3Anormal&#8221; css_animation=&#8221;fadeInUp&#8221;][\/vc_column][vc_column width=&#8221;1\/3&#8243;][vc_single_image image=&#8221;599&#8243; img_size=&#8221;full&#8221; alignment=&#8221;center&#8221; style=&#8221;vc_box_circle_2&#8243; css_animation=&#8221;fadeInUp&#8221;][vc_custom_heading text=&#8221;SPLEI\u00dfEN&#8221; font_container=&#8221;tag:h2|text_align:center|color:%23ffffff&#8221; google_fonts=&#8221;font_family:Exo%202%3A100%2C100italic%2C200%2C200italic%2C300%2C300italic%2Cregular%2Citalic%2C500%2C500italic%2C600%2C600italic%2C700%2C700italic%2C800%2C800italic%2C900%2C900italic|font_style:100%20light%20regular%3A100%3Anormal&#8221; css_animation=&#8221;fadeInUp&#8221;][vc_custom_heading text=&#8221;Wir splei\u00dfen und pr\u00fcfen Glasfaser auf der gesamten Strecke (DP, PoP, Mufas), auch im Reparaturfall oder Fehlererkennung und -behebung mittels OTDR.&#8221; font_container=&#8221;tag:p|font_size:16px|text_align:center|color:%23ffffff&#8221; google_fonts=&#8221;font_family:Exo%202%3A100%2C100italic%2C200%2C200italic%2C300%2C300italic%2Cregular%2Citalic%2C500%2C500italic%2C600%2C600italic%2C700%2C700italic%2C800%2C800italic%2C900%2C900italic|font_style:200%20light%20regular%3A200%3Anormal&#8221; css_animation=&#8221;fadeInUp&#8221;][\/vc_column][vc_column width=&#8221;1\/3&#8243;][vc_single_image image=&#8221;601&#8243; img_size=&#8221;full&#8221; alignment=&#8221;center&#8221; style=&#8221;vc_box_circle_2&#8243; css_animation=&#8221;fadeInUp&#8221;][vc_custom_heading text=&#8221;AKTIVIERUNG&#8221; font_container=&#8221;tag:h2|text_align:center|color:%23ffffff&#8221; google_fonts=&#8221;font_family:Exo%202%3A100%2C100italic%2C200%2C200italic%2C300%2C300italic%2Cregular%2Citalic%2C500%2C500italic%2C600%2C600italic%2C700%2C700italic%2C800%2C800italic%2C900%2C900italic|font_style:100%20light%20regular%3A100%3Anormal&#8221; css_animation=&#8221;fadeInUp&#8221;][vc_custom_heading text=&#8221;Auch das Verlegen und der Einbau der Letzten Meter bis zum Endkunde (H\u00dcP und NT \/ ONT) geh\u00f6ren zu unserem Angebot, entsprechend der Kundenw\u00fcnsche und Planung (Hausbegehung)&#8221; font_container=&#8221;tag:p|font_size:16px|text_align:center|color:%23ffffff&#8221; google_fonts=&#8221;font_family:Exo%202%3A100%2C100italic%2C200%2C200italic%2C300%2C300italic%2Cregular%2Citalic%2C500%2C500italic%2C600%2C600italic%2C700%2C700italic%2C800%2C800italic%2C900%2C900italic|font_style:200%20light%20regular%3A200%3Anormal&#8221; css_animation=&#8221;fadeInUp&#8221;][\/vc_column][\/vc_row][vc_row full_width=&#8221;stretch_row&#8221; css=&#8221;.vc_custom_1619089351948{padding-top: 7.5% !important;padding-bottom: 7.5% !important;}&#8221; el_id=&#8221;contact&#8221;][vc_column]<div id=\"ultimate-heading-882069de45628948c\" class=\"uvc-heading ult-adjust-bottom-margin ultimate-heading-882069de45628948c uvc-4731 \" data-hspacer=\"no_spacer\"  data-halign=\"center\" style=\"text-align:center\"><div class=\"uvc-heading-spacer no_spacer\" style=\"top\"><\/div><div class=\"uvc-main-heading ult-responsive\"  data-ultimate-target='.uvc-heading.ultimate-heading-882069de45628948c h2'  data-responsive-json-new='{\"font-size\":\"desktop:72px;tablet:48px;\",\"line-height\":\"\"}' ><h2 style=\"font-family:&#039;Lato&#039;;font-weight:100;color:#293642;margin-bottom:15px;\">KONTAKT<\/h2><\/div><\/div>[\/vc_column][\/vc_row][vc_row][vc_column width=&#8221;1\/3&#8243;]<div class=\"aio-icon-component    style_1\"><div id=\"Info-box-wrap-8921\" class=\"aio-icon-box top-icon\" style=\"\"  ><div class=\"aio-icon-top\"><div class=\"ult-just-icon-wrapper  \"><div class=\"align-icon\" style=\"text-align:center;\">\n<div class=\"aio-icon none \"  style=\"color:#333;font-size:32px;display:inline-block;\">\n\t<i class=\"Defaults-mobile mobile-phone\"><\/i>\n<\/div><\/div><\/div><\/div><div class=\"aio-icon-header\" ><h4 class=\"aio-icon-title ult-responsive\"  data-ultimate-target='#Info-box-wrap-8921 .aio-icon-title'  data-responsive-json-new='{\"font-size\":\"desktop:32px;\",\"line-height\":\"\"}'  style=\"\">+49 017 643 277 823<\/h4><\/div> <!-- header --><div class=\"aio-icon-description ult-responsive\"  data-ultimate-target='#Info-box-wrap-8921 .aio-icon-description'  data-responsive-json-new='{\"font-size\":\"desktop:16px;\",\"line-height\":\"\"}'  style=\"\"><\/p>\n<div class=\"huge-icon-txt-subtitle\">\n<div class=\"txt-wrapper\">info@rohr-fiber-connections.de<\/div>\n<\/div>\n<p><\/div> <!-- description --><\/div> <!-- aio-icon-box --><\/div> <!-- aio-icon-component -->[\/vc_column][vc_column width=&#8221;1\/3&#8243;]<div class=\"aio-icon-component    style_1\"><div id=\"Info-box-wrap-9188\" class=\"aio-icon-box top-icon\" style=\"\"  ><div class=\"aio-icon-top\"><div class=\"ult-just-icon-wrapper  \"><div class=\"align-icon\" style=\"text-align:center;\">\n<div class=\"aio-icon none \"  style=\"color:#333;font-size:32px;display:inline-block;\">\n\t<i class=\"Defaults-map-marker\"><\/i>\n<\/div><\/div><\/div><\/div><div class=\"aio-icon-header\" ><h4 class=\"aio-icon-title ult-responsive\"  data-ultimate-target='#Info-box-wrap-9188 .aio-icon-title'  data-responsive-json-new='{\"font-size\":\"desktop:32px;\",\"line-height\":\"\"}'  style=\"\">Gartenallee 34<\/h4><\/div> <!-- header --><div class=\"aio-icon-description ult-responsive\"  data-ultimate-target='#Info-box-wrap-9188 .aio-icon-description'  data-responsive-json-new='{\"font-size\":\"desktop:16px;\",\"line-height\":\"\"}'  style=\"\"><\/p>\n<div class=\"huge-icon-txt-subtitle\">\n<div class=\"txt-wrapper\">\n<div class=\"huge-icon-txt-subtitle\">\n<div class=\"txt-wrapper\">Bremen, DE<\/div>\n<\/div>\n<\/div>\n<\/div>\n<p><\/div> <!-- description --><\/div> <!-- aio-icon-box --><\/div> <!-- aio-icon-component -->[\/vc_column][vc_column width=&#8221;1\/3&#8243;]<div class=\"aio-icon-component    style_1\"><div id=\"Info-box-wrap-1224\" class=\"aio-icon-box top-icon\" style=\"\"  ><div class=\"aio-icon-top\"><div class=\"ult-just-icon-wrapper  \"><div class=\"align-icon\" style=\"text-align:center;\">\n<div class=\"aio-icon none \"  style=\"color:#333;font-size:32px;display:inline-block;\">\n\t<i class=\"Defaults-clock-o\"><\/i>\n<\/div><\/div><\/div><\/div><div class=\"aio-icon-header\" ><h4 class=\"aio-icon-title ult-responsive\"  data-ultimate-target='#Info-box-wrap-1224 .aio-icon-title'  data-responsive-json-new='{\"font-size\":\"desktop:32px;\",\"line-height\":\"\"}'  style=\"\">07:30 \u2013 19:00<\/h4><\/div> <!-- header --><div class=\"aio-icon-description ult-responsive\"  data-ultimate-target='#Info-box-wrap-1224 .aio-icon-description'  data-responsive-json-new='{\"font-size\":\"desktop:16px;\",\"line-height\":\"\"}'  style=\"\">De lunes a viernes<\/div> <!-- description --><\/div> <!-- aio-icon-box --><\/div> <!-- aio-icon-component -->[\/vc_column][\/vc_row]<\/p>\n","protected":false},"excerpt":{"rendered":"<p>[vc_row full_width=&#8221;stretch_row&#8221; css=&#8221;.vc_custom_1619085107524{padding-top: 7.5% !important;padding-bottom: 7.5% !important;}&#8221; el_id=&#8221;about&#8221;][vc_column][\/vc_column][\/vc_row][vc_row gap=&#8221;10&#8243; equal_height=&#8221;yes&#8221; content_placement=&#8221;top&#8221; css=&#8221;.vc_custom_1619085278732{margin-top: 1% !important;margin-bottom: 10% !important;}&#8221;][vc_column width=&#8221;1\/4&#8243; css=&#8221;.vc_custom_1454933233405{border-bottom-width: 5px !important;padding-left: 0px !important;border-bottom-color: #00a4ea !important;border-bottom-style: solid !important;}&#8221;][\/vc_column][vc_column width=&#8221;3\/4&#8243; css=&#8221;.vc_custom_1454948058949{padding-top: 0px !important;padding-bottom: 0px !important;}&#8221; offset=&#8221;vc_col-xs-12&#8243;][\/vc_column][\/vc_row][vc_row full_width=&#8221;stretch_row&#8221; bg_type=&#8221;bg_color&#8221; css=&#8221;.vc_custom_1619087605879{padding-top: 7.5% !important;padding-bottom: 1% !important;background-color: [&hellip;]<\/p>\n","protected":false},"author":1,"featured_media":0,"parent":0,"menu_order":0,"comment_status":"closed","ping_status":"closed","template":"","meta":{"footnotes":""},"class_list":["post-522","page","type-page","status-publish","hentry"],"_links":{"self":[{"href":"https:\/\/rohr-fiber-connections.de\/index.php?rest_route=\/wp\/v2\/pages\/522","targetHints":{"allow":["GET"]}}],"collection":[{"href":"https:\/\/rohr-fiber-connections.de\/index.php?rest_route=\/wp\/v2\/pages"}],"about":[{"href":"https:\/\/rohr-fiber-connections.de\/index.php?rest_route=\/wp\/v2\/types\/page"}],"author":[{"embeddable":true,"href":"https:\/\/rohr-fiber-connections.de\/index.php?rest_route=\/wp\/v2\/users\/1"}],"replies":[{"embeddable":true,"href":"https:\/\/rohr-fiber-connections.de\/index.php?rest_route=%2Fwp%2Fv2%2Fcomments&post=522"}],"version-history":[{"count":0,"href":"https:\/\/rohr-fiber-connections.de\/index.php?rest_route=\/wp\/v2\/pages\/522\/revisions"}],"wp:attachment":[{"href":"https:\/\/rohr-fiber-connections.de\/index.php?rest_route=%2Fwp%2Fv2%2Fmedia&parent=522"}],"curies":[{"name":"wp","href":"https:\/\/api.w.org\/{rel}","templated":true}]}}